{"id":36,"date":"2018-11-19T13:03:07","date_gmt":"2018-11-19T12:03:07","guid":{"rendered":"https:\/\/www.pfoetchenuni.com\/?page_id=36"},"modified":"2026-01-06T14:26:05","modified_gmt":"2026-01-06T13:26:05","slug":"startseite","status":"publish","type":"page","link":"https:\/\/www.pfoetchenuni.com\/","title":{"rendered":"Startseite"},"content":{"rendered":"\n<h1 class=\"wp-block-heading has-text-align-center\">Herzlich Willkommen bei der <strong>Hundeschule Pf\u00f6tchenuni!<\/strong> \ud83d\udc3e<\/h1>\n\n\n\n<div style=\"height:20px\" aria-hidden=\"true\" class=\"wp-block-spacer\"><\/div>\n\n\n\n<p><\/p>\n\n\n\n<div class=\"wp-block-media-text is-stacked-on-mobile is-style-default\"><figure class=\"wp-block-media-text__media\"><img loading=\"lazy\" decoding=\"async\" width=\"768\" height=\"1024\" src=\"https:\/\/www.pfoetchenuni.com\/wp-content\/uploads\/2020\/05\/DSC01508-Bearbeitet-768x1024.png\" alt=\"\" class=\"wp-image-778 size-full\" srcset=\"https:\/\/www.pfoetchenuni.com\/wp-content\/uploads\/2020\/05\/DSC01508-Bearbeitet-768x1024.png 768w, https:\/\/www.pfoetchenuni.com\/wp-content\/uploads\/2020\/05\/DSC01508-Bearbeitet-225x300.png 225w, https:\/\/www.pfoetchenuni.com\/wp-content\/uploads\/2020\/05\/DSC01508-Bearbeitet-1152x1536.png 1152w, https:\/\/www.pfoetchenuni.com\/wp-content\/uploads\/2020\/05\/DSC01508-Bearbeitet-1320x1760.png 1320w, https:\/\/www.pfoetchenuni.com\/wp-content\/uploads\/2020\/05\/DSC01508-Bearbeitet.png 1440w\" sizes=\"auto, (max-width: 768px) 100vw, 768px\" \/><\/figure><div class=\"wp-block-media-text__content\">\n<p>Deine Partnerin f\u00fcr eine vertrauensvolle Mensch-Hund-Beziehung<\/p>\n\n\n\n<p>Hallo! Ich bin <strong>Astrid Schwarzkopf<\/strong>. Ich begleite dich und deinen Hund auf dem Weg zu einem harmonischen Alltag.<\/p>\n\n\n\n<p>Bei mir steht eine individuelle Hundeerziehung mit Gef\u00fchl und Verstand im Mittelpunkt, die auf <strong>positiver Verst\u00e4rkung<\/strong> basiert. Mein Ziel ist es, aus dir und deinem Hund ein Team zu machen, das sich gegenseitig versteht und respektiert \u2013 ganz ohne Zwang, daf\u00fcr mit viel Spa\u00df und klarer Struktur.<\/p>\n<\/div><\/div>\n\n\n\n<hr class=\"wp-block-separator has-alpha-channel-opacity\"\/>\n\n\n\n<h3 class=\"wp-block-heading\">\u2728 <strong>Unsere wichtigsten Trainingsbereiche im \u00dcberblick<\/strong><\/h3>\n\n\n\n<p>Finde das passende Training f\u00fcr jede Phase eures gemeinsamen Lebens:<\/p>\n\n\n\n<figure class=\"wp-block-table\"><table class=\"has-fixed-layout\"><thead><tr><td><strong>Trainingsbereich<\/strong><\/td><td><strong>F\u00fcr wen geeignet?<\/strong><\/td><td><strong>Das lernen Sie bei uns<\/strong><\/td><\/tr><\/thead><tbody><tr><td><strong>Welpen-Start<\/strong><\/td><td>Der kleine Neuzugang (ab der 8. Woche)<\/td><td>Wichtige Grundlagen, Sozialisation und Pr\u00e4gung f\u00fcr den besten Start.<\/td><\/tr><tr><td><strong>Alltagstraining<\/strong><\/td><td>Junghund und erwachsener Hund<\/td><td>Zuverl\u00e4ssige Leinenf\u00fchrigkeit, R\u00fcckruf und alle Signale f\u00fcr einen entspannten Alltag. (Unsere Gruppen- &amp; Basiskurse)<\/td><\/tr><tr><td><strong>Auslastung &amp; Spa\u00df<\/strong><\/td><td>Alle Altersgruppen<\/td><td>Kreative Besch\u00e4ftigung, Nasenarbeit, Tricks und Fun \u2013 f\u00fcr k\u00f6rperliche und geistige Besch\u00e4ftigung.<\/td><\/tr><\/tbody><\/table><\/figure>\n\n\n\n<hr class=\"wp-block-separator has-alpha-channel-opacity\"\/>\n\n\n\n<h3 class=\"wp-block-heading\">\ud83d\udcde Starte jetzt dein Abenteuer bei der Pf\u00f6tchenuni!<\/h3>\n\n\n\n<p>Ich freue mich riesig darauf, dich und deinen Vierbeiner kennenzulernen. Melde dich einfach f\u00fcr ein unverbindliches Kennenlerngespr\u00e4ch oder melde dich direkt f\u00fcr einen Kurs an.<\/p>\n\n\n\n<p><strong>Telefon:<\/strong> 0160\/8120262<\/p>\n\n\n\n<p><strong>E-Mail:<\/strong> astrid@pfoetchenuni.com<\/p>\n\n\n\n<p class=\"has-text-align-left\"><\/p>\n\n\n\n<div class=\"wp-block-group\"><div class=\"wp-block-group__inner-container is-layout-flow wp-block-group-is-layout-flow\"><\/div><\/div>\n\n\n\n<div style=\"height:100px\" aria-hidden=\"true\" class=\"wp-block-spacer\"><\/div>\n\n\n\n<p class=\"has-text-align-left\"><\/p>\n\n\n\n<hr class=\"wp-block-separator has-css-opacity\"\/>\n\n\n\n<div style=\"height:100px\" aria-hidden=\"true\" class=\"wp-block-spacer\"><\/div>\n\n\n\n<figure class=\"wp-block-gallery alignwide has-nested-images columns-default aligncenter wp-block-gallery-1 is-layout-flex wp-block-gallery-is-layout-flex\">\n<figure class=\"wp-block-image size-large is-style-default\"><img loading=\"lazy\" decoding=\"async\" width=\"220\" height=\"165\" data-id=\"254\" src=\"https:\/\/www.pfoetchenuni.com\/wp-content\/uploads\/2019\/03\/2016-ok.jpg\" alt=\"\" class=\"wp-image-254\"\/><\/figure>\n\n\n\n<figure class=\"wp-block-image size-large is-style-default\"><img loading=\"lazy\" decoding=\"async\" width=\"220\" height=\"165\" data-id=\"255\" src=\"https:\/\/www.pfoetchenuni.com\/wp-content\/uploads\/2019\/03\/2017-ok.jpg\" alt=\"\" class=\"wp-image-255\"\/><\/figure>\n<\/figure>\n","protected":false},"excerpt":{"rendered":"<p>Herzlich Willkommen bei der Hundeschule Pf\u00f6tchenuni! \ud83d\udc3e Deine Partnerin f\u00fcr eine vertrauensvolle Mensch-Hund-Beziehung Hallo! Ich bin Astrid Schwarzkopf. Ich begleite dich und deinen Hund auf dem Weg zu einem harmonischen&#8230;<\/p>\n","protected":false},"author":1,"featured_media":0,"parent":0,"menu_order":0,"comment_status":"closed","ping_status":"closed","template":"","meta":{"footnotes":""},"class_list":["post-36","page","type-page","status-publish","hentry"],"_links":{"self":[{"href":"https:\/\/www.pfoetchenuni.com\/index.php?rest_route=\/wp\/v2\/pages\/36","targetHints":{"allow":["GET"]}}],"collection":[{"href":"https:\/\/www.pfoetchenuni.com\/index.php?rest_route=\/wp\/v2\/pages"}],"about":[{"href":"https:\/\/www.pfoetchenuni.com\/index.php?rest_route=\/wp\/v2\/types\/page"}],"author":[{"embeddable":true,"href":"https:\/\/www.pfoetchenuni.com\/index.php?rest_route=\/wp\/v2\/users\/1"}],"replies":[{"embeddable":true,"href":"https:\/\/www.pfoetchenuni.com\/index.php?rest_route=%2Fwp%2Fv2%2Fcomments&post=36"}],"version-history":[{"count":99,"href":"https:\/\/www.pfoetchenuni.com\/index.php?rest_route=\/wp\/v2\/pages\/36\/revisions"}],"predecessor-version":[{"id":1749,"href":"https:\/\/www.pfoetchenuni.com\/index.php?rest_route=\/wp\/v2\/pages\/36\/revisions\/1749"}],"wp:attachment":[{"href":"https:\/\/www.pfoetchenuni.com\/index.php?rest_route=%2Fwp%2Fv2%2Fmedia&parent=36"}],"curies":[{"name":"wp","href":"https:\/\/api.w.org\/{rel}","templated":true}]}}