{"id":387,"date":"2019-05-12T11:23:39","date_gmt":"2019-05-12T09:23:39","guid":{"rendered":"https:\/\/www.pfoetchenuni.com\/?page_id=387"},"modified":"2025-02-24T15:00:55","modified_gmt":"2025-02-24T14:00:55","slug":"welpen","status":"publish","type":"page","link":"https:\/\/www.pfoetchenuni.com\/?page_id=387","title":{"rendered":"Welpenkurs"},"content":{"rendered":"<div class=\"wp-block-image is-style-circle-mask\">\n<figure class=\"alignleft size-large is-resized\"><img loading=\"lazy\" decoding=\"async\" width=\"1024\" height=\"683\" src=\"https:\/\/www.pfoetchenuni.com\/wp-content\/uploads\/2020\/02\/Tanja-und-Barky.jpg\" alt=\"\" class=\"wp-image-556\" style=\"width:256px;height:171px\" srcset=\"https:\/\/www.pfoetchenuni.com\/wp-content\/uploads\/2020\/02\/Tanja-und-Barky.jpg 1024w, https:\/\/www.pfoetchenuni.com\/wp-content\/uploads\/2020\/02\/Tanja-und-Barky-300x200.jpg 300w, https:\/\/www.pfoetchenuni.com\/wp-content\/uploads\/2020\/02\/Tanja-und-Barky-768x512.jpg 768w\" sizes=\"auto, (max-width: 1024px) 100vw, 1024px\" \/><\/figure>\n<\/div>\n\n\n<p><\/p>\n\n\n\n<p>Im Alter von 8-16 Wochen befindet sich unser Hund in der Sozialisierungsphase. In dieser Zeit legen wir den Grundstein f\u00fcr ein harmonisches Zusammenleben zwischen Mensch und Hund.<br><br>Neben ersten kleineren Lerneinheiten f\u00fcr den Welpen, wie z.B.  das freudige gehen an lockerer Leine,  vermitteln wir Dir als Hundehalter umfangreiches Wissen \u00fcber Haltung, Pflege und Ern\u00e4hrung.<br><br>Um deinem Welpen f\u00fcr seine Zukunft die optimalen Voraussetzungen mitzugeben, trainieren wir nicht nur auf unserem Trainingsgel\u00e4nde, sondern gehen auch in die unterschiedlichsten Alltagssituationen.<br><br>Auf gemeinsame Spazierg\u00e4nge konfrontieren wir die jungen Hunde mit verschiedenen Umweltreizen.<br><br>Zwischen den \u00dcbungseinheiten gibt es immer wieder kurze kontrollierte Spieleinheiten, die deinem Hund erm\u00f6glichen ein gutes Sozialverhalten zu seinen Artgenossen aufzubauen. Deshalb achten wir darauf das die Welpen von Gr\u00f6\u00dfe und Gewicht zueinander passen.<br> <br><br>F\u00fcr uns ist es wichtig Dir dabei zu helfen eine gute Bindung und Beziehung zu deinem Hund zu bekommen, so das er Dir in allen Situationen Vertrauen kann und Du f\u00fcr ihn ein Fels in der Brandung bist.<br><br><\/p>\n\n\n<div class=\"wp-block-image\">\n<figure class=\"alignright size-large is-resized\"><img decoding=\"async\" src=\"https:\/\/www.pfoetchenuni.com\/wp-content\/uploads\/2020\/02\/Barky-Baly-Kingston.jpg\" alt=\"\" class=\"wp-image-557\" style=\"width:200px;height:133px\"\/><\/figure>\n<\/div>\n\n\n<p><strong>Kursinhalte<\/strong><\/p>\n\n\n\n<ul class=\"wp-block-list\">\n<li>Erster Umgang mit der Leine<\/li>\n\n\n\n<li>Umweltpr\u00e4gung<\/li>\n\n\n\n<li>Tierarzttraining<\/li>\n\n\n\n<li>Kontrollierte Hundebegegnungen&nbsp;<\/li>\n\n\n\n<li>Entspannungs\u00fcbungen<\/li>\n\n\n\n<li>Kontrolliertes Welpenspiel<\/li>\n\n\n\n<li>Umgangsregeln f\u00fcr das Training im Haus \/ Garten \u2013 allt\u00e4gliches<\/li>\n\n\n\n<li>Theorie zur Hundehaltung, Pflege, Erziehung<\/li>\n\n\n\n<li>R\u00fcckruf<\/li>\n\n\n\n<li>\u00dcbungen f\u00fcr die Motorik<\/li>\n\n\n\n<li>Handouts zu jeder \u00dcbungstunde<\/li>\n<\/ul>\n\n\n\n<p class=\"has-text-align-center\"><strong>Teilnahmebedingung:<\/strong><\/p>\n\n\n\n<p class=\"has-text-align-center\">\u2013 &nbsp; &nbsp; &nbsp; &nbsp; &nbsp;Alter des Welpen mindestens 8 Wochen \u2013 20 Wochen<br>\u2013&nbsp;&nbsp;&nbsp;&nbsp;&nbsp;&nbsp;&nbsp;&nbsp;&nbsp; Impfausweis<br>\u2013&nbsp; &nbsp; &nbsp; &nbsp; &nbsp; Hundehaftplichtversicherung<\/p>\n\n\n\n<p class=\"has-text-align-center\"><strong>Wann:<\/strong><br>Mittwochs: 17.00 &#8211; 18.00 Uhr<br><\/p>\n\n\n\n<p class=\"has-text-align-center\"><strong>Wo:<\/strong><br>Unser \u00dcbungsgel\u00e4nde finde Sie hier: Pf\u00f6tchenuni, Hahnenm\u00fchlenweg 101, 44147 Dortmund \/ <strong>Wechselnde&nbsp;<\/strong>Trainingsorte<\/p>\n\n\n\n<p class=\"has-text-align-center has-normal-font-size\"><strong>Kursgeb\u00fchr:<\/strong><\/p>\n\n\n\n<div class=\"wp-block-group\"><div class=\"wp-block-group__inner-container is-layout-flow wp-block-group-is-layout-flow\">\n<p class=\"has-text-align-center\">Welpenkurs:&nbsp; &nbsp; 6 x 1 Stunde 110,00 \u20ac<br>Welpenkurs&nbsp;<strong><em>plus :&nbsp;<\/em><\/strong>&nbsp; &nbsp; 6 x 1 Stunde incl. einer Einzelstunde 150,00 \u20ac<br><br><\/p>\n<\/div><\/div>\n\n\n<div class=\"wp-block-image\">\n<figure class=\"aligncenter size-large is-resized\"><a href=\"https:\/\/www.pfoetchenuni.com\/?page_id=541\"><img loading=\"lazy\" decoding=\"async\" width=\"700\" height=\"182\" src=\"https:\/\/www.pfoetchenuni.com\/wp-content\/uploads\/2020\/02\/button_jetzt-buchen-schmal.png\" alt=\"\" class=\"wp-image-566\" style=\"width:350px;height:91px\" srcset=\"https:\/\/www.pfoetchenuni.com\/wp-content\/uploads\/2020\/02\/button_jetzt-buchen-schmal.png 700w, https:\/\/www.pfoetchenuni.com\/wp-content\/uploads\/2020\/02\/button_jetzt-buchen-schmal-300x78.png 300w\" sizes=\"auto, (max-width: 700px) 100vw, 700px\" \/><\/a><\/figure>\n<\/div>","protected":false},"excerpt":{"rendered":"<p>Im Alter von 8-16 Wochen befindet sich unser Hund in der Sozialisierungsphase. In dieser Zeit legen wir den Grundstein f\u00fcr ein harmonisches Zusammenleben zwischen Mensch und Hund. Neben ersten kleineren&#8230;<\/p>\n","protected":false},"author":2,"featured_media":171,"parent":0,"menu_order":0,"comment_status":"closed","ping_status":"closed","template":"","meta":{"footnotes":""},"class_list":["post-387","page","type-page","status-publish","has-post-thumbnail","hentry"],"_links":{"self":[{"href":"https:\/\/www.pfoetchenuni.com\/index.php?rest_route=\/wp\/v2\/pages\/387","targetHints":{"allow":["GET"]}}],"collection":[{"href":"https:\/\/www.pfoetchenuni.com\/index.php?rest_route=\/wp\/v2\/pages"}],"about":[{"href":"https:\/\/www.pfoetchenuni.com\/index.php?rest_route=\/wp\/v2\/types\/page"}],"author":[{"embeddable":true,"href":"https:\/\/www.pfoetchenuni.com\/index.php?rest_route=\/wp\/v2\/users\/2"}],"replies":[{"embeddable":true,"href":"https:\/\/www.pfoetchenuni.com\/index.php?rest_route=%2Fwp%2Fv2%2Fcomments&post=387"}],"version-history":[{"count":34,"href":"https:\/\/www.pfoetchenuni.com\/index.php?rest_route=\/wp\/v2\/pages\/387\/revisions"}],"predecessor-version":[{"id":1567,"href":"https:\/\/www.pfoetchenuni.com\/index.php?rest_route=\/wp\/v2\/pages\/387\/revisions\/1567"}],"wp:featuredmedia":[{"embeddable":true,"href":"https:\/\/www.pfoetchenuni.com\/index.php?rest_route=\/wp\/v2\/media\/171"}],"wp:attachment":[{"href":"https:\/\/www.pfoetchenuni.com\/index.php?rest_route=%2Fwp%2Fv2%2Fmedia&parent=387"}],"curies":[{"name":"wp","href":"https:\/\/api.w.org\/{rel}","templated":true}]}}