{"id":452,"date":"2019-09-10T09:00:29","date_gmt":"2019-09-10T07:00:29","guid":{"rendered":"https:\/\/www.pfoetchenuni.com\/?page_id=452"},"modified":"2026-01-06T13:11:02","modified_gmt":"2026-01-06T12:11:02","slug":"test-fuer-joerg","status":"publish","type":"page","link":"https:\/\/www.pfoetchenuni.com\/?page_id=452","title":{"rendered":"Kontakt"},"content":{"rendered":"\n<p><strong>Ruf mich einfach an oder schreib mir eine E-Mail oder SMS!<\/strong><\/p>\n\n\n\n<p><strong>Mobil:<\/strong> 0160\/8120262 <strong>E-Mail:<\/strong> astrid@pfoetchenuni.com<\/p>\n\n\n\n<p>Falls du mich nicht pers\u00f6nlich erreichst, bin ich gerade im Training. Bitte hinterlass mir eine Nachricht auf der Mailbox \u2013 ich melde mich dann so schnell wie m\u00f6glich bei dir zur\u00fcck. Du kannst mir aber auch gerne eine Nachricht schreiben oder ganz bequem unser Kontaktformular nutzen.<br><\/p>\n\n\n<div class=\"wpforms-container wpforms-container-full\" id=\"wpforms-460\"><form id=\"wpforms-form-460\" class=\"wpforms-validate wpforms-form\" data-formid=\"460\" method=\"post\" enctype=\"multipart\/form-data\" action=\"\/index.php?rest_route=%2Fwp%2Fv2%2Fpages%2F452\" data-token=\"b7e204f4f3209e5546dea14f552625c9\" data-token-time=\"1777383387\"><noscript class=\"wpforms-error-noscript\">Bitte aktiviere JavaScript in deinem Browser, um dieses Formular fertigzustellen.<\/noscript><div class=\"wpforms-field-container\"><div id=\"wpforms-460-field_0-container\" class=\"wpforms-field wpforms-field-name\" data-field-id=\"0\"><label class=\"wpforms-field-label\">Name <span class=\"wpforms-required-label\">*<\/span><\/label><div class=\"wpforms-field-row wpforms-field-medium\"><div class=\"wpforms-field-row-block wpforms-first wpforms-one-half\"><input type=\"text\" id=\"wpforms-460-field_0\" class=\"wpforms-field-name-first wpforms-field-required\" name=\"wpforms[fields][0][first]\" required><label for=\"wpforms-460-field_0\" class=\"wpforms-field-sublabel after\">Vorname<\/label><\/div><div class=\"wpforms-field-row-block wpforms-one-half\"><input type=\"text\" id=\"wpforms-460-field_0-last\" class=\"wpforms-field-name-last wpforms-field-required\" name=\"wpforms[fields][0][last]\" required><label for=\"wpforms-460-field_0-last\" class=\"wpforms-field-sublabel after\">Nachname<\/label><\/div><\/div><\/div><div id=\"wpforms-460-field_1-container\" class=\"wpforms-field wpforms-field-email\" data-field-id=\"1\"><label class=\"wpforms-field-label\" for=\"wpforms-460-field_1\">E-Mail <span class=\"wpforms-required-label\">*<\/span><\/label><input type=\"email\" id=\"wpforms-460-field_1\" class=\"wpforms-field-medium wpforms-field-required\" name=\"wpforms[fields][1]\" spellcheck=\"false\" required><\/div><div id=\"wpforms-460-field_4-container\" class=\"wpforms-field wpforms-field-number\" data-field-id=\"4\"><label class=\"wpforms-field-label\" for=\"wpforms-460-field_4\">Deine Telefonnummer <span class=\"wpforms-required-label\">*<\/span><\/label><input type=\"number\" id=\"wpforms-460-field_4\" class=\"wpforms-field-medium wpforms-field-required\" name=\"wpforms[fields][4]\" step=\"any\" required><\/div><div id=\"wpforms-460-field_2-container\" class=\"wpforms-field wpforms-field-textarea\" data-field-id=\"2\"><label class=\"wpforms-field-label\" for=\"wpforms-460-field_2\">Kommentar oder Nachricht <span class=\"wpforms-required-label\">*<\/span><\/label><textarea id=\"wpforms-460-field_2\" class=\"wpforms-field-medium wpforms-field-required\" name=\"wpforms[fields][2]\" required><\/textarea><\/div><div id=\"wpforms-460-field_5-container\" class=\"wpforms-field wpforms-field-text\" data-field-id=\"5\"><label class=\"wpforms-field-label\" for=\"wpforms-460-field_5\">Name deines Hundes <span class=\"wpforms-required-label\">*<\/span><\/label><input type=\"text\" id=\"wpforms-460-field_5\" class=\"wpforms-field-medium wpforms-field-required\" name=\"wpforms[fields][5]\" required><\/div><div id=\"wpforms-460-field_6-container\" class=\"wpforms-field wpforms-field-radio\" data-field-id=\"6\"><label class=\"wpforms-field-label wpforms-label-hide\">Ich habe eine \/ einen <span class=\"wpforms-required-label\">*<\/span><\/label><ul id=\"wpforms-460-field_6\" class=\"wpforms-field-required\"><li class=\"choice-1 depth-1\"><input type=\"radio\" id=\"wpforms-460-field_6_1\" name=\"wpforms[fields][6]\" value=\"H\u00fcndin\" required ><label class=\"wpforms-field-label-inline\" for=\"wpforms-460-field_6_1\">H\u00fcndin<\/label><\/li><li class=\"choice-2 depth-1\"><input type=\"radio\" id=\"wpforms-460-field_6_2\" name=\"wpforms[fields][6]\" value=\"R\u00fcde\" required ><label class=\"wpforms-field-label-inline\" for=\"wpforms-460-field_6_2\">R\u00fcde<\/label><\/li><\/ul><\/div><div id=\"wpforms-460-field_11-container\" class=\"wpforms-field wpforms-field-checkbox\" data-field-id=\"11\"><label class=\"wpforms-field-label\">Ich interessiere mich f\u00fcr folgenden Kurs<\/label><ul id=\"wpforms-460-field_11\"><li class=\"choice-1 depth-1\"><input type=\"checkbox\" id=\"wpforms-460-field_11_1\" name=\"wpforms[fields][11][]\" value=\"Welpenkurs\"  ><label class=\"wpforms-field-label-inline\" for=\"wpforms-460-field_11_1\">Welpenkurs<\/label><\/li><li class=\"choice-2 depth-1\"><input type=\"checkbox\" id=\"wpforms-460-field_11_2\" name=\"wpforms[fields][11][]\" value=\"Einsteiger \/ Junghundekurs\"  ><label class=\"wpforms-field-label-inline\" for=\"wpforms-460-field_11_2\">Einsteiger \/ Junghundekurs<\/label><\/li><li class=\"choice-3 depth-1\"><input type=\"checkbox\" id=\"wpforms-460-field_11_3\" name=\"wpforms[fields][11][]\" value=\"Basiskurs Erwachsene Hunde\"  ><label class=\"wpforms-field-label-inline\" for=\"wpforms-460-field_11_3\">Basiskurs Erwachsene Hunde<\/label><\/li><li class=\"choice-4 depth-1\"><input type=\"checkbox\" id=\"wpforms-460-field_11_4\" name=\"wpforms[fields][11][]\" value=\"Fun &amp; Action ( Fun Agility und Hoopers)\"  ><label class=\"wpforms-field-label-inline\" for=\"wpforms-460-field_11_4\">Fun &amp; Action ( Fun Agility und Hoopers)<\/label><\/li><li class=\"choice-5 depth-1\"><input type=\"checkbox\" id=\"wpforms-460-field_11_5\" name=\"wpforms[fields][11][]\" value=\"Fun am Kreis (Longieren)\"  ><label class=\"wpforms-field-label-inline\" for=\"wpforms-460-field_11_5\">Fun am Kreis (Longieren)<\/label><\/li><li class=\"choice-6 depth-1\"><input type=\"checkbox\" id=\"wpforms-460-field_11_6\" name=\"wpforms[fields][11][]\" value=\"Fun &amp; Balance\"  ><label class=\"wpforms-field-label-inline\" for=\"wpforms-460-field_11_6\">Fun &amp; Balance<\/label><\/li><li class=\"choice-7 depth-1\"><input type=\"checkbox\" id=\"wpforms-460-field_11_7\" name=\"wpforms[fields][11][]\" value=\"Dummytraining\"  ><label class=\"wpforms-field-label-inline\" for=\"wpforms-460-field_11_7\">Dummytraining<\/label><\/li><li class=\"choice-8 depth-1\"><input type=\"checkbox\" id=\"wpforms-460-field_11_8\" name=\"wpforms[fields][11][]\" value=\"Dufte Stunde\"  ><label class=\"wpforms-field-label-inline\" for=\"wpforms-460-field_11_8\">Dufte Stunde<\/label><\/li><li class=\"choice-9 depth-1\"><input type=\"checkbox\" id=\"wpforms-460-field_11_9\" name=\"wpforms[fields][11][]\" value=\"Fun-tastisch\"  ><label class=\"wpforms-field-label-inline\" for=\"wpforms-460-field_11_9\">Fun-tastisch<\/label><\/li><li class=\"choice-10 depth-1\"><input type=\"checkbox\" id=\"wpforms-460-field_11_10\" name=\"wpforms[fields][11][]\" value=\"Individuelle Einzelstunde\"  ><label class=\"wpforms-field-label-inline\" for=\"wpforms-460-field_11_10\">Individuelle Einzelstunde<\/label><\/li><li class=\"choice-11 depth-1\"><input type=\"checkbox\" id=\"wpforms-460-field_11_11\" name=\"wpforms[fields][11][]\" value=\"Webinar \/ Workshop (bitte im Feld spezifizieren)\"  ><label class=\"wpforms-field-label-inline\" for=\"wpforms-460-field_11_11\">Webinar \/ Workshop (bitte im Feld spezifizieren)<\/label><\/li><\/ul><\/div><div id=\"wpforms-460-field_8-container\" class=\"wpforms-field wpforms-field-text\" data-field-id=\"8\"><label class=\"wpforms-field-label wpforms-label-hide\" for=\"wpforms-460-field_8\">Seminar \/ Workshop:<\/label><input type=\"text\" id=\"wpforms-460-field_8\" class=\"wpforms-field-small\" name=\"wpforms[fields][8]\" ><\/div><div id=\"wpforms-460-field_9-container\" class=\"wpforms-field wpforms-field-text\" data-field-id=\"9\"><label class=\"wpforms-field-label\" for=\"wpforms-460-field_9\">Deine Nachricht an uns <span class=\"wpforms-required-label\">*<\/span><\/label><input type=\"text\" id=\"wpforms-460-field_9\" class=\"wpforms-field-medium wpforms-field-required\" name=\"wpforms[fields][9]\" required><\/div><div id=\"wpforms-460-field_10-container\" class=\"wpforms-field wpforms-field-checkbox wpforms-list-2-columns\" data-field-id=\"10\"><label class=\"wpforms-field-label\">Ich habe die Datenschutzerkl\u00e4rung zur Kenntnis genommen. Ich stimme zu, dass meine Angaben zur Kontaktaufnahme und f\u00fcr R\u00fcckfragen dauerhaft gespeichert werden. Sie k\u00f6nnen Ihre Einwilligung jederzeit per Mail an astrid@pfoetchenuni.com widerrufen. Hiermit akzeptiere ich die AGB der Pf\u00f6tchenuni. <span class=\"wpforms-required-label\">*<\/span><\/label><ul id=\"wpforms-460-field_10\" class=\"wpforms-field-required\"><li class=\"choice-1 depth-1\"><input type=\"checkbox\" id=\"wpforms-460-field_10_1\" name=\"wpforms[fields][10][]\" value=\"Gelesen und akzeptiert\" required ><label class=\"wpforms-field-label-inline\" for=\"wpforms-460-field_10_1\">Gelesen und akzeptiert<\/label><\/li><\/ul><\/div><\/div><!-- .wpforms-field-container --><div class=\"wpforms-field wpforms-field-hp\"><label for=\"wpforms-460-field-hp\" class=\"wpforms-field-label\">Message<\/label><input type=\"text\" name=\"wpforms[hp]\" id=\"wpforms-460-field-hp\" class=\"wpforms-field-medium\"><\/div><div class=\"wpforms-submit-container\" ><input type=\"hidden\" name=\"wpforms[id]\" value=\"460\"><input type=\"hidden\" name=\"page_title\" value=\"\"><input type=\"hidden\" name=\"page_url\" value=\"https:\/\/www.pfoetchenuni.com\/index.php?rest_route=\/wp\/v2\/pages\/452\"><input type=\"hidden\" name=\"url_referer\" value=\"\"><button type=\"submit\" name=\"wpforms[submit]\" id=\"wpforms-submit-460\" class=\"wpforms-submit\" data-alt-text=\"Senden...\" data-submit-text=\"Absenden\" aria-live=\"assertive\" value=\"wpforms-submit\">Absenden<\/button><\/div><\/form><\/div>  <!-- .wpforms-container -->\n","protected":false},"excerpt":{"rendered":"<p>Ruf mich einfach an oder schreib mir eine E-Mail oder SMS! Mobil: 0160\/8120262 E-Mail: astrid@pfoetchenuni.com Falls du mich nicht pers\u00f6nlich erreichst, bin ich gerade im Training. Bitte hinterlass mir eine&#8230;<\/p>\n","protected":false},"author":1,"featured_media":14,"parent":0,"menu_order":0,"comment_status":"closed","ping_status":"closed","template":"","meta":{"footnotes":""},"class_list":["post-452","page","type-page","status-publish","has-post-thumbnail","hentry"],"_links":{"self":[{"href":"https:\/\/www.pfoetchenuni.com\/index.php?rest_route=\/wp\/v2\/pages\/452","targetHints":{"allow":["GET"]}}],"collection":[{"href":"https:\/\/www.pfoetchenuni.com\/index.php?rest_route=\/wp\/v2\/pages"}],"about":[{"href":"https:\/\/www.pfoetchenuni.com\/index.php?rest_route=\/wp\/v2\/types\/page"}],"author":[{"embeddable":true,"href":"https:\/\/www.pfoetchenuni.com\/index.php?rest_route=\/wp\/v2\/users\/1"}],"replies":[{"embeddable":true,"href":"https:\/\/www.pfoetchenuni.com\/index.php?rest_route=%2Fwp%2Fv2%2Fcomments&post=452"}],"version-history":[{"count":6,"href":"https:\/\/www.pfoetchenuni.com\/index.php?rest_route=\/wp\/v2\/pages\/452\/revisions"}],"predecessor-version":[{"id":1724,"href":"https:\/\/www.pfoetchenuni.com\/index.php?rest_route=\/wp\/v2\/pages\/452\/revisions\/1724"}],"wp:featuredmedia":[{"embeddable":true,"href":"https:\/\/www.pfoetchenuni.com\/index.php?rest_route=\/wp\/v2\/media\/14"}],"wp:attachment":[{"href":"https:\/\/www.pfoetchenuni.com\/index.php?rest_route=%2Fwp%2Fv2%2Fmedia&parent=452"}],"curies":[{"name":"wp","href":"https:\/\/api.w.org\/{rel}","templated":true}]}}